{"id":547,"date":"2022-09-05T16:45:07","date_gmt":"2022-09-05T14:45:07","guid":{"rendered":"https:\/\/115.paris\/mentions-legales\/"},"modified":"2022-10-06T09:53:22","modified_gmt":"2022-10-06T07:53:22","slug":"mentions-legales","status":"publish","type":"page","link":"https:\/\/115.paris\/ar\/mentions-legales\/","title":{"rendered":"Mentions l\u00e9gales"},"content":{"rendered":"<h2>\u00c9diteur<\/h2>\n<p>Le site www.115.paris est \u00e9dit\u00e9 par le SAMUSOCIAL DE PARIS.<br \/>\nLe SAMUSOCIAL DE PARIS est un groupement d\u2019int\u00e9r\u00eat public, cr\u00e9\u00e9 par convention constitutive en date du 14 d\u00e9cembre 1994 approuv\u00e9e par arr\u00eat\u00e9 pr\u00e9fectoral du 19 d\u00e9cembre 1994, r\u00e9guli\u00e8rement modifi\u00e9e, dont le si\u00e8ge social est situ\u00e9 35, avenue Courteline, 75012 Paris, inscrit au r\u00e9pertoire SIRENE sous le n\u00b0 187 509 013 (Code APE : 8790B Autres activit\u00e9s d&#8217;h\u00e9bergement social).<br \/>\n+ 33 (0)1 41 74 84 84<br \/>\n<a href=\"mailto:juridique@samusocial-75.fr\">juridique@samusocial-75.fr<\/a><\/p>\n<p>&nbsp;<\/p>\n<h2>H\u00e9bergeur<\/h2>\n<p>Le site www.115.paris est h\u00e9berg\u00e9 par la soci\u00e9t\u00e9 Aqua Ray. Pour les besoins de cet h\u00e9bergement vous pouvez contacter la soci\u00e9t\u00e9 Aqua Ray sous les coordonn\u00e9es suivantes :<\/p>\n<p>Soci\u00e9t\u00e9 Aqua Ray SAS<br \/>\n14 rue Jules Vanzuppe<br \/>\n94200 IVRY-SUR-SEINE &#8211; FRANCE<br \/>\nTel : 01 84 04 04 05<br \/>\nSIREN : RCS Cr\u00e9teil 447 997 099<\/p>\n<p>&nbsp;<\/p>\n<h2>Directrice de publication<\/h2>\n<p>La directrice de publication est Vanessa Benoit, directrice g\u00e9n\u00e9rale du Samusocial de Paris.<\/p>\n<p>&nbsp;<\/p>\n<h2>D\u00e9veloppement et architecture du site web<\/h2>\n<p>Agence IDMeneo<br \/>\n5, rue Pierre Chausson &#8211; 75010 Paris<br \/>\nwww.id-meneo.com<\/p>\n<p>&nbsp;<\/p>\n<h2>Politique cookies<\/h2>\n<p>La navigation sur le site 115.paris est susceptible de provoquer l\u2019installation de cookie(s) sur l\u2019ordinateur de l\u2019utilisateur. Un cookie est un fichier de petite taille, qui ne permet pas l\u2019identification de l\u2019utilisateur, mais qui enregistre des informations relatives \u00e0 la navigation d\u2019un ordinateur sur un site. Les donn\u00e9es ainsi obtenues visent \u00e0 faciliter la navigation sur le site, et ont \u00e9galement vocation \u00e0 permettre diverses mesures de fr\u00e9quentation.<\/p>\n<p>Le refus d\u2019installation d\u2019un cookie peut entra\u00eener l\u2019impossibilit\u00e9 d\u2019acc\u00e9der \u00e0 certains services. L\u2019utilisateur peut toutefois configurer son ordinateur de la mani\u00e8re suivante, pour refuser l\u2019installation des cookies :<\/p>\n<ul>\n<li><strong>Sous Internet Explorer<\/strong> : onglet outil (pictogramme en forme de rouage en haut a droite) \/ options internet. Cliquez sur Confidentialit\u00e9 et choisissez Bloquer tous les cookies. Validez sur Ok.<\/li>\n<li><strong>Sous Firefox<\/strong> : en haut de la fen\u00eatre du navigateur, cliquez sur le bouton Firefox, puis aller dans l\u2019onglet Options. Cliquer sur l\u2019onglet Vie priv\u00e9e. Param\u00e9trez les R\u00e8gles de conservation sur : utiliser les param\u00e8tres personnalis\u00e9s pour l\u2019historique. Enfin d\u00e9cochez-la pour d\u00e9sactiver les cookies.<\/li>\n<li><strong>Sous Safari<\/strong> : Cliquez en haut \u00e0 droite du navigateur sur le pictogramme de menu (symbolis\u00e9 par un rouage). S\u00e9lectionnez Param\u00e8tres. Cliquez sur Afficher les param\u00e8tres avanc\u00e9s. Dans la section \u00ab Confidentialit\u00e9 \u00bb, cliquez sur Param\u00e8tres de contenu. Dans la section \u00ab Cookies \u00bb, vous pouvez bloquer les cookies.<\/li>\n<li><strong>Sous Chrome<\/strong> : Cliquez en haut \u00e0 droite du navigateur sur le pictogramme de menu (symbolis\u00e9 par trois lignes horizontales). S\u00e9lectionnez Param\u00e8tres. Cliquez sur Afficher les param\u00e8tres avanc\u00e9s. Dans la section \u00ab Confidentialit\u00e9 \u00bb, cliquez sur pr\u00e9f\u00e9rences. Dans l\u2019onglet \u00ab Confidentialit\u00e9 \u00bb, vous pouvez bloquer les cookies.<\/li>\n<\/ul>\n","protected":false},"excerpt":{"rendered":"<p>\u00c9diteur Le site www.115.paris est \u00e9dit\u00e9 par le SAMUSOCIAL DE PARIS. Le SAMUSOCIAL DE PARIS est un groupement d\u2019int\u00e9r\u00eat public, cr\u00e9\u00e9 par convention constitutive en date du 14 d\u00e9cembre 1994 approuv\u00e9e par arr\u00eat\u00e9 pr\u00e9fectoral du 19 d\u00e9cembre 1994, r\u00e9guli\u00e8rement modifi\u00e9e, dont le si\u00e8ge social est situ\u00e9 35, avenue Courteline, 75012 [&hellip;]<\/p>\n","protected":false},"author":1,"featured_media":0,"parent":0,"menu_order":28,"comment_status":"closed","ping_status":"closed","template":"","meta":{"_acf_changed":false,"footnotes":""},"class_list":["post-547","page","type-page","status-publish","hentry"],"acf":[],"yoast_head":"<!-- This site is optimized with the Yoast SEO plugin v27.2 - https:\/\/yoast.com\/product\/yoast-seo-wordpress\/ -->\n<title>Mentions l\u00e9gales - Siao<\/title>\n<meta name=\"robots\" content=\"index, follow, max-snippet:-1, max-image-preview:large, max-video-preview:-1\" \/>\n<link rel=\"canonical\" href=\"https:\/\/115.paris\/ar\/mentions-legales\/\" \/>\n<meta property=\"og:locale\" content=\"ar_AR\" \/>\n<meta property=\"og:type\" content=\"article\" \/>\n<meta property=\"og:title\" content=\"Mentions l\u00e9gales - Siao\" \/>\n<meta property=\"og:description\" content=\"\u00c9diteur Le site www.115.paris est \u00e9dit\u00e9 par le SAMUSOCIAL DE PARIS. Le SAMUSOCIAL DE PARIS est un groupement d\u2019int\u00e9r\u00eat public, cr\u00e9\u00e9 par convention constitutive en date du 14 d\u00e9cembre 1994 approuv\u00e9e par arr\u00eat\u00e9 pr\u00e9fectoral du 19 d\u00e9cembre 1994, r\u00e9guli\u00e8rement modifi\u00e9e, dont le si\u00e8ge social est situ\u00e9 35, avenue Courteline, 75012 [&hellip;]\" \/>\n<meta property=\"og:url\" content=\"https:\/\/115.paris\/ar\/mentions-legales\/\" \/>\n<meta property=\"og:site_name\" content=\"Siao\" \/>\n<meta property=\"article:modified_time\" content=\"2022-10-06T07:53:22+00:00\" \/>\n<meta name=\"twitter:card\" content=\"summary_large_image\" \/>\n<meta name=\"twitter:label1\" content=\"\u0648\u0642\u062a \u0627\u0644\u0642\u0631\u0627\u0621\u0629 \u0627\u0644\u0645\u064f\u0642\u062f\u0651\u0631\" \/>\n\t<meta name=\"twitter:data1\" content=\"\u062f\u0642\u064a\u0642\u062a\u0627\u0646\" \/>\n<script type=\"application\/ld+json\" class=\"yoast-schema-graph\">{\"@context\":\"https:\/\/schema.org\",\"@graph\":[{\"@type\":\"WebPage\",\"@id\":\"https:\/\/115.paris\/ar\/mentions-legales\/\",\"url\":\"https:\/\/115.paris\/ar\/mentions-legales\/\",\"name\":\"Mentions l\u00e9gales - Siao\",\"isPartOf\":{\"@id\":\"https:\/\/115.paris\/#website\"},\"datePublished\":\"2022-09-05T14:45:07+00:00\",\"dateModified\":\"2022-10-06T07:53:22+00:00\",\"breadcrumb\":{\"@id\":\"https:\/\/115.paris\/ar\/mentions-legales\/#breadcrumb\"},\"inLanguage\":\"ar\",\"potentialAction\":[{\"@type\":\"ReadAction\",\"target\":[\"https:\/\/115.paris\/ar\/mentions-legales\/\"]}]},{\"@type\":\"BreadcrumbList\",\"@id\":\"https:\/\/115.paris\/ar\/mentions-legales\/#breadcrumb\",\"itemListElement\":[{\"@type\":\"ListItem\",\"position\":1,\"name\":\"Home\",\"item\":\"https:\/\/115.paris\/ar\/\"},{\"@type\":\"ListItem\",\"position\":2,\"name\":\"Mentions l\u00e9gales\"}]},{\"@type\":\"WebSite\",\"@id\":\"https:\/\/115.paris\/#website\",\"url\":\"https:\/\/115.paris\/\",\"name\":\"Siao\",\"description\":\"Un site utilisant WordPress\",\"publisher\":{\"@id\":\"https:\/\/115.paris\/#organization\"},\"potentialAction\":[{\"@type\":\"SearchAction\",\"target\":{\"@type\":\"EntryPoint\",\"urlTemplate\":\"https:\/\/115.paris\/?s={search_term_string}\"},\"query-input\":{\"@type\":\"PropertyValueSpecification\",\"valueRequired\":true,\"valueName\":\"search_term_string\"}}],\"inLanguage\":\"ar\"},{\"@type\":\"Organization\",\"@id\":\"https:\/\/115.paris\/#organization\",\"name\":\"Siao\",\"url\":\"https:\/\/115.paris\/\",\"logo\":{\"@type\":\"ImageObject\",\"inLanguage\":\"ar\",\"@id\":\"https:\/\/115.paris\/#\/schema\/logo\/image\/\",\"url\":\"https:\/\/115.paris\/wp-content\/uploads\/2022\/09\/logo-siao.svg\",\"contentUrl\":\"https:\/\/115.paris\/wp-content\/uploads\/2022\/09\/logo-siao.svg\",\"width\":74,\"height\":74,\"caption\":\"Siao\"},\"image\":{\"@id\":\"https:\/\/115.paris\/#\/schema\/logo\/image\/\"}}]}<\/script>\n<!-- \/ Yoast SEO plugin. -->","yoast_head_json":{"title":"Mentions l\u00e9gales - Siao","robots":{"index":"index","follow":"follow","max-snippet":"max-snippet:-1","max-image-preview":"max-image-preview:large","max-video-preview":"max-video-preview:-1"},"canonical":"https:\/\/115.paris\/ar\/mentions-legales\/","og_locale":"ar_AR","og_type":"article","og_title":"Mentions l\u00e9gales - Siao","og_description":"\u00c9diteur Le site www.115.paris est \u00e9dit\u00e9 par le SAMUSOCIAL DE PARIS. Le SAMUSOCIAL DE PARIS est un groupement d\u2019int\u00e9r\u00eat public, cr\u00e9\u00e9 par convention constitutive en date du 14 d\u00e9cembre 1994 approuv\u00e9e par arr\u00eat\u00e9 pr\u00e9fectoral du 19 d\u00e9cembre 1994, r\u00e9guli\u00e8rement modifi\u00e9e, dont le si\u00e8ge social est situ\u00e9 35, avenue Courteline, 75012 [&hellip;]","og_url":"https:\/\/115.paris\/ar\/mentions-legales\/","og_site_name":"Siao","article_modified_time":"2022-10-06T07:53:22+00:00","twitter_card":"summary_large_image","twitter_misc":{"\u0648\u0642\u062a \u0627\u0644\u0642\u0631\u0627\u0621\u0629 \u0627\u0644\u0645\u064f\u0642\u062f\u0651\u0631":"\u062f\u0642\u064a\u0642\u062a\u0627\u0646"},"schema":{"@context":"https:\/\/schema.org","@graph":[{"@type":"WebPage","@id":"https:\/\/115.paris\/ar\/mentions-legales\/","url":"https:\/\/115.paris\/ar\/mentions-legales\/","name":"Mentions l\u00e9gales - Siao","isPartOf":{"@id":"https:\/\/115.paris\/#website"},"datePublished":"2022-09-05T14:45:07+00:00","dateModified":"2022-10-06T07:53:22+00:00","breadcrumb":{"@id":"https:\/\/115.paris\/ar\/mentions-legales\/#breadcrumb"},"inLanguage":"ar","potentialAction":[{"@type":"ReadAction","target":["https:\/\/115.paris\/ar\/mentions-legales\/"]}]},{"@type":"BreadcrumbList","@id":"https:\/\/115.paris\/ar\/mentions-legales\/#breadcrumb","itemListElement":[{"@type":"ListItem","position":1,"name":"Home","item":"https:\/\/115.paris\/ar\/"},{"@type":"ListItem","position":2,"name":"Mentions l\u00e9gales"}]},{"@type":"WebSite","@id":"https:\/\/115.paris\/#website","url":"https:\/\/115.paris\/","name":"Siao","description":"Un site utilisant WordPress","publisher":{"@id":"https:\/\/115.paris\/#organization"},"potentialAction":[{"@type":"SearchAction","target":{"@type":"EntryPoint","urlTemplate":"https:\/\/115.paris\/?s={search_term_string}"},"query-input":{"@type":"PropertyValueSpecification","valueRequired":true,"valueName":"search_term_string"}}],"inLanguage":"ar"},{"@type":"Organization","@id":"https:\/\/115.paris\/#organization","name":"Siao","url":"https:\/\/115.paris\/","logo":{"@type":"ImageObject","inLanguage":"ar","@id":"https:\/\/115.paris\/#\/schema\/logo\/image\/","url":"https:\/\/115.paris\/wp-content\/uploads\/2022\/09\/logo-siao.svg","contentUrl":"https:\/\/115.paris\/wp-content\/uploads\/2022\/09\/logo-siao.svg","width":74,"height":74,"caption":"Siao"},"image":{"@id":"https:\/\/115.paris\/#\/schema\/logo\/image\/"}}]}},"_links":{"self":[{"href":"https:\/\/115.paris\/ar\/wp-json\/wp\/v2\/pages\/547","targetHints":{"allow":["GET"]}}],"collection":[{"href":"https:\/\/115.paris\/ar\/wp-json\/wp\/v2\/pages"}],"about":[{"href":"https:\/\/115.paris\/ar\/wp-json\/wp\/v2\/types\/page"}],"author":[{"embeddable":true,"href":"https:\/\/115.paris\/ar\/wp-json\/wp\/v2\/users\/1"}],"replies":[{"embeddable":true,"href":"https:\/\/115.paris\/ar\/wp-json\/wp\/v2\/comments?post=547"}],"version-history":[{"count":2,"href":"https:\/\/115.paris\/ar\/wp-json\/wp\/v2\/pages\/547\/revisions"}],"predecessor-version":[{"id":999,"href":"https:\/\/115.paris\/ar\/wp-json\/wp\/v2\/pages\/547\/revisions\/999"}],"wp:attachment":[{"href":"https:\/\/115.paris\/ar\/wp-json\/wp\/v2\/media?parent=547"}],"curies":[{"name":"wp","href":"https:\/\/api.w.org\/{rel}","templated":true}]}}