{"id":542,"date":"2022-09-05T16:45:29","date_gmt":"2022-09-05T14:45:29","guid":{"rendered":"https:\/\/115.paris\/politique-cookies\/"},"modified":"2022-09-28T15:05:42","modified_gmt":"2022-09-28T13:05:42","slug":"politique-cookies","status":"publish","type":"page","link":"https:\/\/115.paris\/ar\/politique-cookies\/","title":{"rendered":"Politique cookies"},"content":{"rendered":"<h2>Politique cookies<\/h2>\n<p>La navigation sur le site siao.paris est susceptible de provoquer l\u2019installation de cookie(s) sur l\u2019ordinateur de l\u2019utilisateur. Un cookie est un fichier de petite taille, qui ne permet pas l\u2019identification de l\u2019utilisateur, mais qui enregistre des informations relatives \u00e0 la navigation d\u2019un ordinateur sur un site. Les donn\u00e9es ainsi obtenues visent \u00e0 faciliter la navigation sur le site, et ont \u00e9galement vocation \u00e0 permettre diverses mesures de fr\u00e9quentation.<\/p>\n<p>Le refus d\u2019installation d\u2019un cookie peut entra\u00eener l\u2019impossibilit\u00e9 d\u2019acc\u00e9der \u00e0 certains services. L\u2019utilisateur peut toutefois configurer son ordinateur de la mani\u00e8re suivante, pour refuser l\u2019installation des cookies :<\/p>\n<ul>\n<li><strong>Sous Internet Explorer<\/strong>\u00a0: onglet outil (pictogramme en forme de rouage en haut a droite) \/ options internet. Cliquez sur Confidentialit\u00e9 et choisissez Bloquer tous les cookies. Validez sur Ok.<\/li>\n<li><strong>Sous Firefox<\/strong>\u00a0: en haut de la fen\u00eatre du navigateur, cliquez sur le bouton Firefox, puis aller dans l\u2019onglet Options. Cliquer sur l\u2019onglet Vie priv\u00e9e. Param\u00e9trez les R\u00e8gles de conservation sur : utiliser les param\u00e8tres personnalis\u00e9s pour l\u2019historique. Enfin d\u00e9cochez-la pour d\u00e9sactiver les cookies.<\/li>\n<li><strong>Sous Safari<\/strong>\u00a0: Cliquez en haut \u00e0 droite du navigateur sur le pictogramme de menu (symbolis\u00e9 par un rouage). S\u00e9lectionnez Param\u00e8tres. Cliquez sur Afficher les param\u00e8tres avanc\u00e9s. Dans la section \u00ab Confidentialit\u00e9 \u00bb, cliquez sur Param\u00e8tres de contenu. Dans la section \u00ab Cookies \u00bb, vous pouvez bloquer les cookies.<\/li>\n<li><strong>Sous Chrome<\/strong>\u00a0: Cliquez en haut \u00e0 droite du navigateur sur le pictogramme de menu (symbolis\u00e9 par trois lignes horizontales). S\u00e9lectionnez Param\u00e8tres. Cliquez sur Afficher les param\u00e8tres avanc\u00e9s. Dans la section \u00ab Confidentialit\u00e9 \u00bb, cliquez sur pr\u00e9f\u00e9rences. Dans l\u2019onglet \u00ab Confidentialit\u00e9 \u00bb, vous pouvez bloquer les cookies.<\/li>\n<\/ul>\n","protected":false},"excerpt":{"rendered":"<p>Politique cookies La navigation sur le site siao.paris est susceptible de provoquer l\u2019installation de cookie(s) sur l\u2019ordinateur de l\u2019utilisateur. Un cookie est un fichier de petite taille, qui ne permet pas l\u2019identification de l\u2019utilisateur, mais qui enregistre des informations relatives \u00e0 la navigation d\u2019un ordinateur sur un site. Les donn\u00e9es [&hellip;]<\/p>\n","protected":false},"author":1,"featured_media":0,"parent":0,"menu_order":26,"comment_status":"closed","ping_status":"closed","template":"","meta":{"_acf_changed":false,"footnotes":""},"class_list":["post-542","page","type-page","status-publish","hentry"],"acf":[],"yoast_head":"<!-- This site is optimized with the Yoast SEO plugin v27.2 - https:\/\/yoast.com\/product\/yoast-seo-wordpress\/ -->\n<title>Politique cookies - Siao<\/title>\n<meta name=\"robots\" content=\"index, follow, max-snippet:-1, max-image-preview:large, max-video-preview:-1\" \/>\n<link rel=\"canonical\" href=\"https:\/\/115.paris\/ar\/politique-cookies\/\" \/>\n<meta property=\"og:locale\" content=\"ar_AR\" \/>\n<meta property=\"og:type\" content=\"article\" \/>\n<meta property=\"og:title\" content=\"Politique cookies - Siao\" \/>\n<meta property=\"og:description\" content=\"Politique cookies La navigation sur le site siao.paris est susceptible de provoquer l\u2019installation de cookie(s) sur l\u2019ordinateur de l\u2019utilisateur. Un cookie est un fichier de petite taille, qui ne permet pas l\u2019identification de l\u2019utilisateur, mais qui enregistre des informations relatives \u00e0 la navigation d\u2019un ordinateur sur un site. Les donn\u00e9es [&hellip;]\" \/>\n<meta property=\"og:url\" content=\"https:\/\/115.paris\/ar\/politique-cookies\/\" \/>\n<meta property=\"og:site_name\" content=\"Siao\" \/>\n<meta property=\"article:modified_time\" content=\"2022-09-28T13:05:42+00:00\" \/>\n<meta name=\"twitter:card\" content=\"summary_large_image\" \/>\n<script type=\"application\/ld+json\" class=\"yoast-schema-graph\">{\"@context\":\"https:\/\/schema.org\",\"@graph\":[{\"@type\":\"WebPage\",\"@id\":\"https:\/\/115.paris\/ar\/politique-cookies\/\",\"url\":\"https:\/\/115.paris\/ar\/politique-cookies\/\",\"name\":\"Politique cookies - Siao\",\"isPartOf\":{\"@id\":\"https:\/\/115.paris\/#website\"},\"datePublished\":\"2022-09-05T14:45:29+00:00\",\"dateModified\":\"2022-09-28T13:05:42+00:00\",\"breadcrumb\":{\"@id\":\"https:\/\/115.paris\/ar\/politique-cookies\/#breadcrumb\"},\"inLanguage\":\"ar\",\"potentialAction\":[{\"@type\":\"ReadAction\",\"target\":[\"https:\/\/115.paris\/ar\/politique-cookies\/\"]}]},{\"@type\":\"BreadcrumbList\",\"@id\":\"https:\/\/115.paris\/ar\/politique-cookies\/#breadcrumb\",\"itemListElement\":[{\"@type\":\"ListItem\",\"position\":1,\"name\":\"Home\",\"item\":\"https:\/\/115.paris\/ar\/\"},{\"@type\":\"ListItem\",\"position\":2,\"name\":\"Politique cookies\"}]},{\"@type\":\"WebSite\",\"@id\":\"https:\/\/115.paris\/#website\",\"url\":\"https:\/\/115.paris\/\",\"name\":\"Siao\",\"description\":\"Un site utilisant WordPress\",\"publisher\":{\"@id\":\"https:\/\/115.paris\/#organization\"},\"potentialAction\":[{\"@type\":\"SearchAction\",\"target\":{\"@type\":\"EntryPoint\",\"urlTemplate\":\"https:\/\/115.paris\/?s={search_term_string}\"},\"query-input\":{\"@type\":\"PropertyValueSpecification\",\"valueRequired\":true,\"valueName\":\"search_term_string\"}}],\"inLanguage\":\"ar\"},{\"@type\":\"Organization\",\"@id\":\"https:\/\/115.paris\/#organization\",\"name\":\"Siao\",\"url\":\"https:\/\/115.paris\/\",\"logo\":{\"@type\":\"ImageObject\",\"inLanguage\":\"ar\",\"@id\":\"https:\/\/115.paris\/#\/schema\/logo\/image\/\",\"url\":\"https:\/\/115.paris\/wp-content\/uploads\/2022\/09\/logo-siao.svg\",\"contentUrl\":\"https:\/\/115.paris\/wp-content\/uploads\/2022\/09\/logo-siao.svg\",\"width\":74,\"height\":74,\"caption\":\"Siao\"},\"image\":{\"@id\":\"https:\/\/115.paris\/#\/schema\/logo\/image\/\"}}]}<\/script>\n<!-- \/ Yoast SEO plugin. -->","yoast_head_json":{"title":"Politique cookies - Siao","robots":{"index":"index","follow":"follow","max-snippet":"max-snippet:-1","max-image-preview":"max-image-preview:large","max-video-preview":"max-video-preview:-1"},"canonical":"https:\/\/115.paris\/ar\/politique-cookies\/","og_locale":"ar_AR","og_type":"article","og_title":"Politique cookies - Siao","og_description":"Politique cookies La navigation sur le site siao.paris est susceptible de provoquer l\u2019installation de cookie(s) sur l\u2019ordinateur de l\u2019utilisateur. Un cookie est un fichier de petite taille, qui ne permet pas l\u2019identification de l\u2019utilisateur, mais qui enregistre des informations relatives \u00e0 la navigation d\u2019un ordinateur sur un site. Les donn\u00e9es [&hellip;]","og_url":"https:\/\/115.paris\/ar\/politique-cookies\/","og_site_name":"Siao","article_modified_time":"2022-09-28T13:05:42+00:00","twitter_card":"summary_large_image","schema":{"@context":"https:\/\/schema.org","@graph":[{"@type":"WebPage","@id":"https:\/\/115.paris\/ar\/politique-cookies\/","url":"https:\/\/115.paris\/ar\/politique-cookies\/","name":"Politique cookies - Siao","isPartOf":{"@id":"https:\/\/115.paris\/#website"},"datePublished":"2022-09-05T14:45:29+00:00","dateModified":"2022-09-28T13:05:42+00:00","breadcrumb":{"@id":"https:\/\/115.paris\/ar\/politique-cookies\/#breadcrumb"},"inLanguage":"ar","potentialAction":[{"@type":"ReadAction","target":["https:\/\/115.paris\/ar\/politique-cookies\/"]}]},{"@type":"BreadcrumbList","@id":"https:\/\/115.paris\/ar\/politique-cookies\/#breadcrumb","itemListElement":[{"@type":"ListItem","position":1,"name":"Home","item":"https:\/\/115.paris\/ar\/"},{"@type":"ListItem","position":2,"name":"Politique cookies"}]},{"@type":"WebSite","@id":"https:\/\/115.paris\/#website","url":"https:\/\/115.paris\/","name":"Siao","description":"Un site utilisant WordPress","publisher":{"@id":"https:\/\/115.paris\/#organization"},"potentialAction":[{"@type":"SearchAction","target":{"@type":"EntryPoint","urlTemplate":"https:\/\/115.paris\/?s={search_term_string}"},"query-input":{"@type":"PropertyValueSpecification","valueRequired":true,"valueName":"search_term_string"}}],"inLanguage":"ar"},{"@type":"Organization","@id":"https:\/\/115.paris\/#organization","name":"Siao","url":"https:\/\/115.paris\/","logo":{"@type":"ImageObject","inLanguage":"ar","@id":"https:\/\/115.paris\/#\/schema\/logo\/image\/","url":"https:\/\/115.paris\/wp-content\/uploads\/2022\/09\/logo-siao.svg","contentUrl":"https:\/\/115.paris\/wp-content\/uploads\/2022\/09\/logo-siao.svg","width":74,"height":74,"caption":"Siao"},"image":{"@id":"https:\/\/115.paris\/#\/schema\/logo\/image\/"}}]}},"_links":{"self":[{"href":"https:\/\/115.paris\/ar\/wp-json\/wp\/v2\/pages\/542","targetHints":{"allow":["GET"]}}],"collection":[{"href":"https:\/\/115.paris\/ar\/wp-json\/wp\/v2\/pages"}],"about":[{"href":"https:\/\/115.paris\/ar\/wp-json\/wp\/v2\/types\/page"}],"author":[{"embeddable":true,"href":"https:\/\/115.paris\/ar\/wp-json\/wp\/v2\/users\/1"}],"replies":[{"embeddable":true,"href":"https:\/\/115.paris\/ar\/wp-json\/wp\/v2\/comments?post=542"}],"version-history":[{"count":2,"href":"https:\/\/115.paris\/ar\/wp-json\/wp\/v2\/pages\/542\/revisions"}],"predecessor-version":[{"id":727,"href":"https:\/\/115.paris\/ar\/wp-json\/wp\/v2\/pages\/542\/revisions\/727"}],"wp:attachment":[{"href":"https:\/\/115.paris\/ar\/wp-json\/wp\/v2\/media?parent=542"}],"curies":[{"name":"wp","href":"https:\/\/api.w.org\/{rel}","templated":true}]}}